{"id":3579,"date":"2024-02-21T21:33:31","date_gmt":"2024-02-21T21:33:31","guid":{"rendered":"https:\/\/lightgray-butterfly-452589.hostingersite.com\/?post_type=product&#038;p=3579"},"modified":"2024-02-21T21:36:10","modified_gmt":"2024-02-21T21:36:10","slug":"345-die-suesse-des-gluecks-ist-pistazie","status":"publish","type":"product","link":"https:\/\/alqubitry.de\/de\/product\/345-die-suesse-des-gluecks-ist-pistazie\/","title":{"rendered":"345-Die S\u00fc\u00dfe des Gl\u00fccks ist Pistazie"},"content":{"rendered":"","protected":false},"excerpt":{"rendered":"<p>700 Gramm<\/p>\n<p>&nbsp;<\/p>\n<div id=\"gtx-trans\" style=\"position: absolute; left: 170px; top: 81px;\">\n<div class=\"gtx-trans-icon\"><\/div>\n<\/div>\n","protected":false},"featured_media":3580,"menu_order":0,"comment_status":"open","ping_status":"closed","template":"","meta":[],"product_brand":[],"product_cat":[74,96],"product_tag":[],"class_list":{"0":"post-3579","1":"product","2":"type-product","3":"status-publish","4":"has-post-thumbnail","6":"product_cat-dosen-essen","7":"product_cat-suessigkeiten-halva","9":"first","10":"instock","11":"taxable","12":"shipping-taxable","13":"purchasable","14":"product-type-simple"},"_links":{"self":[{"href":"https:\/\/alqubitry.de\/de\/wp-json\/wp\/v2\/product\/3579","targetHints":{"allow":["GET"]}}],"collection":[{"href":"https:\/\/alqubitry.de\/de\/wp-json\/wp\/v2\/product"}],"about":[{"href":"https:\/\/alqubitry.de\/de\/wp-json\/wp\/v2\/types\/product"}],"replies":[{"embeddable":true,"href":"https:\/\/alqubitry.de\/de\/wp-json\/wp\/v2\/comments?post=3579"}],"wp:featuredmedia":[{"embeddable":true,"href":"https:\/\/alqubitry.de\/de\/wp-json\/wp\/v2\/media\/3580"}],"wp:attachment":[{"href":"https:\/\/alqubitry.de\/de\/wp-json\/wp\/v2\/media?parent=3579"}],"wp:term":[{"taxonomy":"product_brand","embeddable":true,"href":"https:\/\/alqubitry.de\/de\/wp-json\/wp\/v2\/product_brand?post=3579"},{"taxonomy":"product_cat","embeddable":true,"href":"https:\/\/alqubitry.de\/de\/wp-json\/wp\/v2\/product_cat?post=3579"},{"taxonomy":"product_tag","embeddable":true,"href":"https:\/\/alqubitry.de\/de\/wp-json\/wp\/v2\/product_tag?post=3579"}],"curies":[{"name":"wp","href":"https:\/\/api.w.org\/{rel}","templated":true}]}}